{"id":102,"date":"2015-02-10T08:39:53","date_gmt":"2015-02-10T06:39:53","guid":{"rendered":"http:\/\/lansirajanjousiampujat.fi\/?page_id=102"},"modified":"2015-02-13T12:22:33","modified_gmt":"2015-02-13T10:22:33","slug":"vaisto","status":"publish","type":"page","link":"http:\/\/lansirajanjousiampujat.fi\/?page_id=102","title":{"rendered":"Vaisto"},"content":{"rendered":"<p><b><a href=\"http:\/\/lansirajanjousiampujat.fi\/wp-content\/uploads\/2015\/02\/vaisto.jpeg\"><img decoding=\"async\" loading=\"lazy\" class=\"alignright size-full wp-image-198\" src=\"http:\/\/lansirajanjousiampujat.fi\/wp-content\/uploads\/2015\/02\/vaisto.jpeg\" alt=\"vaisto\" width=\"326\" height=\"244\" srcset=\"http:\/\/lansirajanjousiampujat.fi\/wp-content\/uploads\/2015\/02\/vaisto.jpeg 326w, http:\/\/lansirajanjousiampujat.fi\/wp-content\/uploads\/2015\/02\/vaisto-300x225.jpeg 300w\" sizes=\"(max-width: 326px) 100vw, 326px\" \/><\/a>Vaistojousi <\/b>on riisuttu versio t\u00e4ht\u00e4injousesta. Kyseess\u00e4 on rungoltaan ja lavoiltaan sama jousi, mutta vaistojousessa ei k\u00e4ytet\u00e4 t\u00e4ht\u00e4int\u00e4, vakaajia tai klikkeri\u00e4 lis\u00e4\u00e4m\u00e4\u00e4n osumatarkkuutta. T\u00e4ht\u00e4\u00e4misess\u00e4 k\u00e4ytet\u00e4\u00e4n nuolen k\u00e4rke\u00e4.<\/p>\n","protected":false},"excerpt":{"rendered":"<p>Vaistojousi on riisuttu versio t\u00e4ht\u00e4injousesta. Kyseess\u00e4 on rungoltaan ja lavoiltaan sama jousi, mutta vaistojousessa ei k\u00e4ytet\u00e4 t\u00e4ht\u00e4int\u00e4, vakaajia tai klikkeri\u00e4 lis\u00e4\u00e4m\u00e4\u00e4n osumatarkkuutta. T\u00e4ht\u00e4\u00e4misess\u00e4 k\u00e4ytet\u00e4\u00e4n nuolen k\u00e4rke\u00e4.<\/p>\n","protected":false},"author":1,"featured_media":0,"parent":0,"menu_order":0,"comment_status":"closed","ping_status":"closed","template":"","meta":{"footnotes":""},"_links":{"self":[{"href":"http:\/\/lansirajanjousiampujat.fi\/index.php?rest_route=\/wp\/v2\/pages\/102"}],"collection":[{"href":"http:\/\/lansirajanjousiampujat.fi\/index.php?rest_route=\/wp\/v2\/pages"}],"about":[{"href":"http:\/\/lansirajanjousiampujat.fi\/index.php?rest_route=\/wp\/v2\/types\/page"}],"author":[{"embeddable":true,"href":"http:\/\/lansirajanjousiampujat.fi\/index.php?rest_route=\/wp\/v2\/users\/1"}],"replies":[{"embeddable":true,"href":"http:\/\/lansirajanjousiampujat.fi\/index.php?rest_route=%2Fwp%2Fv2%2Fcomments&post=102"}],"version-history":[{"count":3,"href":"http:\/\/lansirajanjousiampujat.fi\/index.php?rest_route=\/wp\/v2\/pages\/102\/revisions"}],"predecessor-version":[{"id":213,"href":"http:\/\/lansirajanjousiampujat.fi\/index.php?rest_route=\/wp\/v2\/pages\/102\/revisions\/213"}],"wp:attachment":[{"href":"http:\/\/lansirajanjousiampujat.fi\/index.php?rest_route=%2Fwp%2Fv2%2Fmedia&parent=102"}],"curies":[{"name":"wp","href":"https:\/\/api.w.org\/{rel}","templated":true}]}}