{"id":106,"date":"2015-02-10T08:40:21","date_gmt":"2015-02-10T06:40:21","guid":{"rendered":"http:\/\/lansirajanjousiampujat.fi\/?page_id=106"},"modified":"2015-02-13T15:39:59","modified_gmt":"2015-02-13T13:39:59","slug":"pitkajousi","status":"publish","type":"page","link":"http:\/\/lansirajanjousiampujat.fi\/?page_id=106","title":{"rendered":"Pitk\u00e4jousi"},"content":{"rendered":"<p><strong>Pitk\u00e4jousi<\/strong>\u00a0eli long bow on klassinen puujousi josta monesti puuttuu my\u00f6s t\u00e4ht\u00e4imet. Long bow -jousiampujia voitaisiin kutsua vaikkapa perinnejousiampujiksi, sill\u00e4 my\u00f6s nuolet ovat puuta. Nykyajan tunnetuimmat long bow -ampujat taitavat l\u00f6yty\u00e4 elokuvista, lonkkarit ovat tulleet tutuksi mm. Taru Sormusten Herrasta -elokuvista.<\/p>\n","protected":false},"excerpt":{"rendered":"<p>Pitk\u00e4jousi\u00a0eli long bow on klassinen puujousi josta monesti puuttuu my\u00f6s t\u00e4ht\u00e4imet. Long bow -jousiampujia voitaisiin kutsua vaikkapa perinnejousiampujiksi, sill\u00e4 my\u00f6s nuolet ovat puuta. Nykyajan tunnetuimmat long bow -ampujat taitavat l\u00f6yty\u00e4 elokuvista, lonkkarit ovat tulleet tutuksi mm. Taru Sormusten Herrasta -elokuvista.<\/p>\n","protected":false},"author":1,"featured_media":0,"parent":0,"menu_order":0,"comment_status":"closed","ping_status":"closed","template":"","meta":{"footnotes":""},"_links":{"self":[{"href":"http:\/\/lansirajanjousiampujat.fi\/index.php?rest_route=\/wp\/v2\/pages\/106"}],"collection":[{"href":"http:\/\/lansirajanjousiampujat.fi\/index.php?rest_route=\/wp\/v2\/pages"}],"about":[{"href":"http:\/\/lansirajanjousiampujat.fi\/index.php?rest_route=\/wp\/v2\/types\/page"}],"author":[{"embeddable":true,"href":"http:\/\/lansirajanjousiampujat.fi\/index.php?rest_route=\/wp\/v2\/users\/1"}],"replies":[{"embeddable":true,"href":"http:\/\/lansirajanjousiampujat.fi\/index.php?rest_route=%2Fwp%2Fv2%2Fcomments&post=106"}],"version-history":[{"count":3,"href":"http:\/\/lansirajanjousiampujat.fi\/index.php?rest_route=\/wp\/v2\/pages\/106\/revisions"}],"predecessor-version":[{"id":269,"href":"http:\/\/lansirajanjousiampujat.fi\/index.php?rest_route=\/wp\/v2\/pages\/106\/revisions\/269"}],"wp:attachment":[{"href":"http:\/\/lansirajanjousiampujat.fi\/index.php?rest_route=%2Fwp%2Fv2%2Fmedia&parent=106"}],"curies":[{"name":"wp","href":"https:\/\/api.w.org\/{rel}","templated":true}]}}