{"id":108,"date":"2015-02-10T08:40:31","date_gmt":"2015-02-10T06:40:31","guid":{"rendered":"http:\/\/lansirajanjousiampujat.fi\/?page_id=108"},"modified":"2015-02-13T12:21:37","modified_gmt":"2015-02-13T10:21:37","slug":"tahtain","status":"publish","type":"page","link":"http:\/\/lansirajanjousiampujat.fi\/?page_id=108","title":{"rendered":"T\u00e4ht\u00e4in"},"content":{"rendered":"<div class=\"content-container\"><img decoding=\"async\" loading=\"lazy\" class=\" size-full wp-image-200 alignright\" src=\"http:\/\/lansirajanjousiampujat.fi\/wp-content\/uploads\/2015\/02\/tahtain.jpeg\" alt=\"tahtain\" width=\"326\" height=\"244\" srcset=\"http:\/\/lansirajanjousiampujat.fi\/wp-content\/uploads\/2015\/02\/tahtain.jpeg 326w, http:\/\/lansirajanjousiampujat.fi\/wp-content\/uploads\/2015\/02\/tahtain-300x225.jpeg 300w\" sizes=\"(max-width: 326px) 100vw, 326px\" \/><b>T\u00e4ht\u00e4injousi <\/b>on jousista toistaiseksi ainut, joka on olympialaisten ohjelmassa. T\u00e4ht\u00e4injouseen kuuluu t\u00e4ht\u00e4imen sek\u00e4 etu- ja sivuvakaajien lis\u00e4ksi klikkeri eli vetopituuden ilmaisin, joka antaa ampujalle \u00e4\u00e4nimerkin siin\u00e4 vaiheessa, kun vetopituus on saavuttanut oikean mitan.<\/p>\n<\/div>\n<p>&nbsp;<\/p>\n","protected":false},"excerpt":{"rendered":"<p>T\u00e4ht\u00e4injousi on jousista toistaiseksi ainut, joka on olympialaisten ohjelmassa. T\u00e4ht\u00e4injouseen kuuluu t\u00e4ht\u00e4imen sek\u00e4 etu- ja sivuvakaajien lis\u00e4ksi klikkeri eli vetopituuden ilmaisin, joka antaa ampujalle \u00e4\u00e4nimerkin siin\u00e4 vaiheessa, kun vetopituus on saavuttanut oikean mitan. &nbsp;<\/p>\n","protected":false},"author":1,"featured_media":0,"parent":0,"menu_order":0,"comment_status":"closed","ping_status":"closed","template":"","meta":{"footnotes":""},"_links":{"self":[{"href":"http:\/\/lansirajanjousiampujat.fi\/index.php?rest_route=\/wp\/v2\/pages\/108"}],"collection":[{"href":"http:\/\/lansirajanjousiampujat.fi\/index.php?rest_route=\/wp\/v2\/pages"}],"about":[{"href":"http:\/\/lansirajanjousiampujat.fi\/index.php?rest_route=\/wp\/v2\/types\/page"}],"author":[{"embeddable":true,"href":"http:\/\/lansirajanjousiampujat.fi\/index.php?rest_route=\/wp\/v2\/users\/1"}],"replies":[{"embeddable":true,"href":"http:\/\/lansirajanjousiampujat.fi\/index.php?rest_route=%2Fwp%2Fv2%2Fcomments&post=108"}],"version-history":[{"count":10,"href":"http:\/\/lansirajanjousiampujat.fi\/index.php?rest_route=\/wp\/v2\/pages\/108\/revisions"}],"predecessor-version":[{"id":212,"href":"http:\/\/lansirajanjousiampujat.fi\/index.php?rest_route=\/wp\/v2\/pages\/108\/revisions\/212"}],"wp:attachment":[{"href":"http:\/\/lansirajanjousiampujat.fi\/index.php?rest_route=%2Fwp%2Fv2%2Fmedia&parent=108"}],"curies":[{"name":"wp","href":"https:\/\/api.w.org\/{rel}","templated":true}]}}