{"id":13,"date":"2015-02-09T08:11:48","date_gmt":"2015-02-09T06:11:48","guid":{"rendered":"http:\/\/lansirajanjousiampujat.fi\/?page_id=13"},"modified":"2019-09-11T14:19:53","modified_gmt":"2019-09-11T12:19:53","slug":"harjoituset-ja-aikataulut","status":"publish","type":"page","link":"http:\/\/lansirajanjousiampujat.fi\/?page_id=13","title":{"rendered":"Harjoitukset ja aikataulut"},"content":{"rendered":"<table style=\"width: 587px; height: 474px; border-collapse: collapse;\" border=\"0\" width=\"512\" cellspacing=\"0\" cellpadding=\"0\">\n<colgroup>\n<col style=\"width: 48pt;\" span=\"8\" width=\"64\" \/> <\/colgroup>\n<tbody>\n<tr style=\"height: 15.75pt;\">\n<td class=\"xl69\" style=\"height: 15.75pt; width: 73px;\" width=\"64\" height=\"21\">\u00a0<strong>Klo<\/strong><\/td>\n<td class=\"xl69\" style=\"border-left-style: none; width: 73px;\" width=\"64\"><strong>MA<\/strong><\/td>\n<td class=\"xl69\" style=\"border-left-style: none; width: 73px;\" width=\"64\"><strong>TI<\/strong><\/td>\n<td class=\"xl69\" style=\"border-left-style: none; width: 73px;\" width=\"64\"><strong>KE<\/strong><\/td>\n<td class=\"xl69\" style=\"border-left-style: none; width: 73px;\" width=\"64\"><strong>TO<\/strong><\/td>\n<td class=\"xl69\" style=\"border-left-style: none; width: 73px;\" width=\"64\"><strong>PE<\/strong><\/td>\n<td class=\"xl69\" style=\"border-left-style: none; width: 73px;\" width=\"64\"><strong>LA<\/strong><\/td>\n<td class=\"xl69\" style=\"border-left-style: none; width: 73px;\" width=\"64\"><strong>SU<\/strong><\/td>\n<\/tr>\n<tr style=\"height: 15.0pt;\">\n<td class=\"xl66\" style=\"height: 15pt; width: 73px;\" align=\"right\" height=\"20\">10<\/td>\n<td class=\"xl67\" style=\"border-left-style: none; width: 73px;\"><\/td>\n<td class=\"xl67\" style=\"border-left-style: none; width: 73px;\"><\/td>\n<td class=\"xl67\" style=\"border-left-style: none; width: 73px;\"><\/td>\n<td class=\"xl67\" style=\"border-left-style: none; width: 73px;\"><\/td>\n<td class=\"xl67\" style=\"border-left-style: none; width: 73px;\"><\/td>\n<td class=\"xl67\" style=\"border-left-style: none; width: 73px;\"><\/td>\n<td class=\"xl68\" style=\"border-left-style: none; width: 73px;\">Rohkihy\u00e4 10-13<\/td>\n<\/tr>\n<tr style=\"height: 15.0pt;\">\n<td class=\"xl65\" style=\"height: 15pt; border-top-style: none; width: 73px;\" align=\"right\" height=\"20\">11<\/td>\n<td class=\"xl63\" style=\"border-top-style: none; border-left-style: none; width: 73px;\"><\/td>\n<td class=\"xl63\" style=\"border-top-style: none; border-left-style: none; width: 73px;\"><\/td>\n<td class=\"xl63\" style=\"border-top-style: none; border-left-style: none; width: 73px;\"><\/td>\n<td class=\"xl63\" style=\"border-top-style: none; border-left-style: none; width: 73px;\"><\/td>\n<td class=\"xl63\" style=\"border-top-style: none; border-left-style: none; width: 73px;\"><\/td>\n<td class=\"xl63\" style=\"border-top-style: none; border-left-style: none; width: 73px;\"><\/td>\n<td class=\"xl64\" style=\"border-top-style: none; border-left-style: none; width: 73px;\">Rohkihy\u00e4<\/td>\n<\/tr>\n<tr style=\"height: 15.0pt;\">\n<td class=\"xl65\" style=\"height: 15pt; border-top-style: none; width: 73px;\" align=\"right\" height=\"20\">12<\/td>\n<td class=\"xl63\" style=\"border-top-style: none; border-left-style: none; width: 73px;\"><\/td>\n<td class=\"xl63\" style=\"border-top-style: none; border-left-style: none; width: 73px;\"><\/td>\n<td class=\"xl63\" style=\"border-top-style: none; border-left-style: none; width: 73px;\"><\/td>\n<td class=\"xl63\" style=\"border-top-style: none; border-left-style: none; width: 73px;\"><\/td>\n<td class=\"xl63\" style=\"border-top-style: none; border-left-style: none; width: 73px;\"><\/td>\n<td class=\"xl63\" style=\"border-top-style: none; border-left-style: none; width: 73px;\"><\/td>\n<td class=\"xl64\" style=\"border-top-style: none; border-left-style: none; width: 73px;\">Rohkihy\u00e4<br \/>\nohjattu<\/td>\n<\/tr>\n<tr style=\"height: 15.0pt;\">\n<td class=\"xl65\" style=\"height: 15pt; border-top-style: none; width: 73px;\" align=\"right\" height=\"20\">13<\/td>\n<td class=\"xl63\" style=\"border-top-style: none; border-left-style: none; width: 73px;\"><\/td>\n<td class=\"xl63\" style=\"border-top-style: none; border-left-style: none; width: 73px;\"><\/td>\n<td class=\"xl63\" style=\"border-top-style: none; border-left-style: none; width: 73px;\"><\/td>\n<td class=\"xl63\" style=\"border-top-style: none; border-left-style: none; width: 73px;\"><\/td>\n<td class=\"xl63\" style=\"border-top-style: none; border-left-style: none; width: 73px;\"><\/td>\n<td class=\"xl63\" style=\"border-top-style: none; border-left-style: none; width: 73px;\"><\/td>\n<td class=\"xl64\" style=\"border-top-style: none; border-left-style: none; width: 73px;\"><\/td>\n<\/tr>\n<tr style=\"height: 15.0pt;\">\n<td class=\"xl65\" style=\"height: 15pt; border-top-style: none; width: 73px;\" align=\"right\" height=\"20\">14<\/td>\n<td class=\"xl63\" style=\"border-top-style: none; border-left-style: none; width: 73px;\"><\/td>\n<td class=\"xl63\" style=\"border-top-style: none; border-left-style: none; width: 73px;\"><\/td>\n<td class=\"xl63\" style=\"border-top-style: none; border-left-style: none; width: 73px;\"><\/td>\n<td class=\"xl63\" style=\"border-top-style: none; border-left-style: none; width: 73px;\"><\/td>\n<td class=\"xl63\" style=\"border-top-style: none; border-left-style: none; width: 73px;\"><\/td>\n<td class=\"xl63\" style=\"border-top-style: none; border-left-style: none; width: 73px;\"><\/td>\n<td class=\"xl63\" style=\"border-top-style: none; border-left-style: none; width: 73px;\"><\/td>\n<\/tr>\n<tr style=\"height: 15.0pt;\">\n<td class=\"xl65\" style=\"height: 15pt; border-top-style: none; width: 73px;\" align=\"right\" height=\"20\">15<\/td>\n<td class=\"xl63\" style=\"border-top-style: none; border-left-style: none; width: 73px;\"><\/td>\n<td class=\"xl63\" style=\"border-top-style: none; border-left-style: none; width: 73px;\"><\/td>\n<td class=\"xl63\" style=\"border-top-style: none; border-left-style: none; width: 73px;\"><\/td>\n<td class=\"xl63\" style=\"border-top-style: none; border-left-style: none; width: 73px;\"><\/td>\n<td class=\"xl63\" style=\"border-top-style: none; border-left-style: none; width: 73px;\"><\/td>\n<td class=\"xl63\" style=\"border-top-style: none; border-left-style: none; width: 73px;\"><\/td>\n<td class=\"xl63\" style=\"border-top-style: none; border-left-style: none; width: 73px;\"><\/td>\n<\/tr>\n<tr style=\"height: 15.0pt;\">\n<td class=\"xl65\" style=\"height: 15pt; border-top-style: none; width: 73px;\" align=\"right\" height=\"20\">16<\/td>\n<td class=\"xl63\" style=\"border-top-style: none; border-left-style: none; width: 73px;\"><\/td>\n<td class=\"xl63\" style=\"border-top-style: none; border-left-style: none; width: 73px;\"><\/td>\n<td class=\"xl63\" style=\"border-top-style: none; border-left-style: none; width: 73px;\"><\/td>\n<td class=\"xl63\" style=\"border-top-style: none; border-left-style: none; width: 73px;\"><\/td>\n<td class=\"xl63\" style=\"border-top-style: none; border-left-style: none; width: 73px;\"><\/td>\n<td class=\"xl63\" style=\"border-top-style: none; border-left-style: none; width: 73px;\"><\/td>\n<td class=\"xl63\" style=\"border-top-style: none; border-left-style: none; width: 73px;\"><\/td>\n<\/tr>\n<tr style=\"height: 15.0pt;\">\n<td class=\"xl65\" style=\"height: 15pt; border-top-style: none; width: 73px;\" align=\"right\" height=\"20\">17<\/td>\n<td class=\"xl64\" style=\"border-top-style: none; border-left-style: none; width: 73px;\">Rohkihy\u00e4<br \/>\n17-20<\/td>\n<td class=\"xl63\" style=\"border-top-style: none; border-left-style: none; width: 73px;\"><\/td>\n<td class=\"xl63\" style=\"border-top-style: none; border-left-style: none; width: 73px;\"><\/td>\n<td class=\"xl63\" style=\"border-top-style: none; border-left-style: none; width: 73px;\"><\/td>\n<td class=\"xl64\" style=\"border-top-style: none; border-left-style: none; width: 73px;\">Rohkihy\u00e4<\/td>\n<td class=\"xl63\" style=\"border-top-style: none; border-left-style: none; width: 73px;\"><\/td>\n<td class=\"xl63\" style=\"border-top-style: none; border-left-style: none; width: 73px;\"><\/td>\n<\/tr>\n<tr style=\"height: 15.0pt;\">\n<td class=\"xl65\" style=\"height: 15pt; border-top-style: none; width: 73px;\" align=\"right\" height=\"20\">18<\/td>\n<td class=\"xl64\" style=\"border-top-style: none; border-left-style: none; width: 73px;\">Rohkihy\u00e4<\/td>\n<td class=\"xl63\" style=\"border-top-style: none; border-left-style: none; width: 73px;\"><\/td>\n<td class=\"xl63\" style=\"border-top-style: none; border-left-style: none; width: 73px;\"><\/td>\n<td class=\"xl63\" style=\"border-top-style: none; border-left-style: none; width: 73px;\"><\/td>\n<td class=\"xl64\" style=\"border-top-style: none; border-left-style: none; width: 73px;\">Rohkihy\u00e4<\/td>\n<td class=\"xl63\" style=\"border-top-style: none; border-left-style: none; width: 73px;\"><\/td>\n<td class=\"xl63\" style=\"border-top-style: none; border-left-style: none; width: 73px;\"><\/td>\n<\/tr>\n<tr style=\"height: 15.0pt;\">\n<td class=\"xl65\" style=\"height: 15pt; border-top-style: none; width: 73px;\" align=\"right\" height=\"20\">19<\/td>\n<td class=\"xl64\" style=\"border-top-style: none; border-left-style: none; width: 73px;\">Rohkihy\u00e4<\/td>\n<td class=\"xl63\" style=\"border-top-style: none; border-left-style: none; width: 73px;\"><\/td>\n<td class=\"xl63\" style=\"border-top-style: none; border-left-style: none; width: 73px;\"><\/td>\n<td class=\"xl63\" style=\"border-top-style: none; border-left-style: none; width: 73px;\"><\/td>\n<td class=\"xl64\" style=\"border-top-style: none; border-left-style: none; width: 73px;\">Rohkihy\u00e4<\/td>\n<td class=\"xl63\" style=\"border-top-style: none; border-left-style: none; width: 73px;\"><\/td>\n<td class=\"xl63\" style=\"border-top-style: none; border-left-style: none; width: 73px;\"><\/td>\n<\/tr>\n<tr style=\"height: 15.0pt;\">\n<td class=\"xl65\" style=\"height: 15pt; border-top-style: none; width: 73px;\" align=\"right\" height=\"20\">20<\/td>\n<td class=\"xl64\" style=\"border-top-style: none; border-left-style: none; width: 73px;\">Rohkihy\u00e4<\/td>\n<td class=\"xl63\" style=\"border-top-style: none; border-left-style: none; width: 73px;\"><\/td>\n<td class=\"xl63\" style=\"border-top-style: none; border-left-style: none; width: 73px;\"><\/td>\n<td class=\"xl63\" style=\"border-top-style: none; border-left-style: none; width: 73px;\"><\/td>\n<td class=\"xl64\" style=\"border-top-style: none; border-left-style: none; width: 73px;\">Rohkihy\u00e4<\/td>\n<td class=\"xl63\" style=\"border-top-style: none; border-left-style: none; width: 73px;\"><\/td>\n<td class=\"xl63\" style=\"border-top-style: none; border-left-style: none; width: 73px;\"><\/td>\n<\/tr>\n<\/tbody>\n<\/table>\n<p><strong>Rohkihalli<\/strong><\/p>\n<p>Koulutie 14, 95700 Pello (<a href=\"https:\/\/www.google.fi\/maps\/place\/Koulutie+14,+Pello\/data=!4m2!3m1!1s0x45d461e57fba9503:0x4cd8046f82a6f448?sa=X&amp;ei=xNPZVK2cEtjaapmMgNgH&amp;ved=0CCAQ8gEwAA\" target=\"_blank\" rel=\"noopener noreferrer\">Kartta<\/a>)<\/p>\n<p>Rohki-halli on L\u00e4nsirajan Kennelkerhon yll\u00e4pit\u00e4m\u00e4 l\u00e4mmin halli Pellon koulukeskuksen v\u00e4litt\u00f6m\u00e4ss\u00e4 l\u00e4heisyydess\u00e4.\u00a0Keinonurmipohjainen halli\u00a0on kooltaan 20&#215;50 metri\u00e4 johon jousiammuntaa varten on rakennettu kiinte\u00e4t haltex levyist\u00e4 valmistetut ammuntataustat harjoitus- ja kilpailuk\u00e4ytt\u00f6\u00f6n. Halli soveltuu erinomaisesti mm. jousiammunnan harrastamiseen. Koska halli on ns. koirahalli, niin herkimm\u00e4t allergikot saattavat oireilla. Sis\u00e4kausi eli hallikausi alkaa syyskuun alussa ja p\u00e4\u00e4ttyy huhtikuun loppuun menness\u00e4.<\/p>\n<hr \/>\n<p><strong>Ponnen urheilukentt\u00e4<\/strong><\/p>\n<p>Kes\u00e4kaudella toukokuu-elokuu jousiampujat siirtyv\u00e4t ulkoradoille ja ulkoammuntapaikkana seuramme k\u00e4ytt\u00e4\u00e4 Pellon kunnan urheilukentt\u00e4\u00e4. Kent\u00e4lle viemme useamman siirrett\u00e4v\u00e4n taustan joten ammuntamatkat voit valita 30-50-70-90 metrin v\u00e4lilt\u00e4 jotka ovat virallisia ulkoammuntamatkoja. Toki voit halutessasi ampua viel\u00e4 lyhyemm\u00e4lt\u00e4kin matkalta. Kes\u00e4kauden ammuntavuorot ilmoitetaan l\u00e4hemmin kev\u00e4\u00e4ll\u00e4.<\/p>\n","protected":false},"excerpt":{"rendered":"<p>\u00a0Klo MA TI KE TO PE LA SU 10 Rohkihy\u00e4 10-13 11 Rohkihy\u00e4 12 Rohkihy\u00e4 ohjattu 13 14 15 16 17 Rohkihy\u00e4 17-20 Rohkihy\u00e4 18 Rohkihy\u00e4 Rohkihy\u00e4 19 Rohkihy\u00e4 Rohkihy\u00e4 20 Rohkihy\u00e4 Rohkihy\u00e4 Rohkihalli Koulutie 14, 95700 Pello (Kartta) Rohki-halli on L\u00e4nsirajan Kennelkerhon yll\u00e4pit\u00e4m\u00e4 l\u00e4mmin halli Pellon koulukeskuksen v\u00e4litt\u00f6m\u00e4ss\u00e4 l\u00e4heisyydess\u00e4.\u00a0Keinonurmipohjainen halli\u00a0on kooltaan 20&#215;50 metri\u00e4 johon [&hellip;]<\/p>\n","protected":false},"author":1,"featured_media":0,"parent":0,"menu_order":0,"comment_status":"closed","ping_status":"closed","template":"","meta":{"footnotes":""},"_links":{"self":[{"href":"http:\/\/lansirajanjousiampujat.fi\/index.php?rest_route=\/wp\/v2\/pages\/13"}],"collection":[{"href":"http:\/\/lansirajanjousiampujat.fi\/index.php?rest_route=\/wp\/v2\/pages"}],"about":[{"href":"http:\/\/lansirajanjousiampujat.fi\/index.php?rest_route=\/wp\/v2\/types\/page"}],"author":[{"embeddable":true,"href":"http:\/\/lansirajanjousiampujat.fi\/index.php?rest_route=\/wp\/v2\/users\/1"}],"replies":[{"embeddable":true,"href":"http:\/\/lansirajanjousiampujat.fi\/index.php?rest_route=%2Fwp%2Fv2%2Fcomments&post=13"}],"version-history":[{"count":28,"href":"http:\/\/lansirajanjousiampujat.fi\/index.php?rest_route=\/wp\/v2\/pages\/13\/revisions"}],"predecessor-version":[{"id":497,"href":"http:\/\/lansirajanjousiampujat.fi\/index.php?rest_route=\/wp\/v2\/pages\/13\/revisions\/497"}],"wp:attachment":[{"href":"http:\/\/lansirajanjousiampujat.fi\/index.php?rest_route=%2Fwp%2Fv2%2Fmedia&parent=13"}],"curies":[{"name":"wp","href":"https:\/\/api.w.org\/{rel}","templated":true}]}}