{"id":140,"date":"2015-02-10T11:18:54","date_gmt":"2015-02-10T09:18:54","guid":{"rendered":"http:\/\/lansirajanjousiampujat.fi\/?page_id=140"},"modified":"2015-02-13T12:27:28","modified_gmt":"2015-02-13T10:27:28","slug":"_seura","status":"publish","type":"page","link":"http:\/\/lansirajanjousiampujat.fi\/?page_id=140","title":{"rendered":"Lajiesittely"},"content":{"rendered":"<p>Jos olet kiinnostunut jousiammunnasta, \u00e4l\u00e4 rynt\u00e4\u00e4 suin p\u00e4in ostamaan omaa jousta. On taloudellisestikin j\u00e4rkev\u00e4mp\u00e4\u00e4 k\u00e4yd\u00e4 ensin kokeilemassa lajia seuran lainav\u00e4lineill\u00e4. Samalla opit heti alusta alkaen oikean ammuntatekniikan.<\/p>\n<p>Jousiammunta sopii kaikille ik\u00e4\u00e4n ja sukupuoleen katsomatta. Rentouttavana harrastuksena jousiammunta on eritt\u00e4in hyv\u00e4 vastapaino nykyp\u00e4iv\u00e4n kiireiselle el\u00e4m\u00e4nrytmille, ja sen harrastaminen sopii koko perheelle.<\/p>\n<p>Jousiammuntaa voi harrastaa monessa muodossa. Seuramme piiriss\u00e4 suosituimpia ovat vaisto-, t\u00e4ht\u00e4in- ja taljajousiammunta. Kaiken tasoisille ampujille l\u00f6ytyy kilpailuja kun haluaa kokeilla kilpailujen ilmapiiri\u00e4.<\/p>\n<p>Harrastaminen ei vaadi alkuun taloudellisia panostuksia varusteisiin ja v\u00e4lineisiin. Viisainta onkin aloittaa seuran v\u00e4lineill\u00e4 ja kokeneempien seuralaisten opastuksella. Kun on k\u00e4ynyt muutaman viikon ajan ampumassa, alkaa selvit\u00e4 sopiiko laji itselle. Sen j\u00e4lkeen kun valinta on varma, kannattaa vasta harkita omien v\u00e4lineiden hankintaa, jossa taas seuralaiset mielell\u00e4\u00e4n opastavat.<\/p>\n<p>Jousiammunta on mukaansatempaava harrastus, joka antaa harrastajalleen paljon. Se on upea taitolaji, jonka oppiminen asettaa sinut aivan uudentyyppisten haasteitten eteen! Vaikka jousiammunta onkin t\u00e4n\u00e4\u00e4n my\u00f6s huippu-urheilulaji, se sopii kuitenkin kaikille, niin nuorille kuin vanhoille, niin naisille kuin miehillekin, parhaimmillaan koko perheelle. Ampuaksesi jousella et tarvitse fyysist\u00e4 voimaa vaan suurin ty\u00f6 tehd\u00e4\u00e4n henkisell\u00e4 puolella ja korvien v\u00e4liss\u00e4. Osuaksesi taulun keskelle t\u00e4ytyy sinun tietenkin ensin hallita oikea suoritustekniikka, mutta ennen kaikkea sinun t\u00e4ytyy hallita oma itsesi! Jousiammunta on laji jossa suurin kilpakumppani olet sin\u00e4 itse.<\/p>\n<p>Ota rohkeasti yhteytt\u00e4 ja sovi aika milloin tulet tutustumaan jousiammuntaan!<\/p>\n<p><a href=\"http:\/\/lansirajanjousiampujat.fi\/wp-content\/uploads\/2015\/02\/talja1.jpeg\"><br \/>\n<\/a><a href=\"http:\/\/lansirajanjousiampujat.fi\/wp-content\/uploads\/2015\/02\/t\u00e4ht\u00e4in1.jpeg\"><img decoding=\"async\" loading=\"lazy\" class=\"  wp-image-203 alignleft\" src=\"http:\/\/lansirajanjousiampujat.fi\/wp-content\/uploads\/2015\/02\/talja1.jpeg\" alt=\"talja1\" width=\"171\" height=\"227\" \/><img decoding=\"async\" loading=\"lazy\" class=\"  wp-image-204 alignnone\" src=\"http:\/\/lansirajanjousiampujat.fi\/wp-content\/uploads\/2015\/02\/t\u00e4ht\u00e4in1.jpeg\" alt=\"t\u00e4ht\u00e4in1\" width=\"170\" height=\"226\" \/><\/a><a href=\"http:\/\/lansirajanjousiampujat.fi\/wp-content\/uploads\/2015\/02\/vaisto1.jpeg\"><img decoding=\"async\" loading=\"lazy\" class=\"alignright  wp-image-199\" src=\"http:\/\/lansirajanjousiampujat.fi\/wp-content\/uploads\/2015\/02\/vaisto1-150x150.jpeg\" alt=\"vaisto1\" width=\"224\" height=\"224\" \/><\/a><a href=\"http:\/\/lansirajanjousiampujat.fi\/wp-content\/uploads\/2015\/02\/talja1.jpeg\"><br \/>\n<\/a><\/p>\n<p>&nbsp;<\/p>\n","protected":false},"excerpt":{"rendered":"<p>Jos olet kiinnostunut jousiammunnasta, \u00e4l\u00e4 rynt\u00e4\u00e4 suin p\u00e4in ostamaan omaa jousta. On taloudellisestikin j\u00e4rkev\u00e4mp\u00e4\u00e4 k\u00e4yd\u00e4 ensin kokeilemassa lajia seuran lainav\u00e4lineill\u00e4. Samalla opit heti alusta alkaen oikean ammuntatekniikan. Jousiammunta sopii kaikille ik\u00e4\u00e4n ja sukupuoleen katsomatta. Rentouttavana harrastuksena jousiammunta on eritt\u00e4in hyv\u00e4 vastapaino nykyp\u00e4iv\u00e4n kiireiselle el\u00e4m\u00e4nrytmille, ja sen harrastaminen sopii koko perheelle. Jousiammuntaa voi harrastaa monessa muodossa. [&hellip;]<\/p>\n","protected":false},"author":1,"featured_media":0,"parent":0,"menu_order":0,"comment_status":"closed","ping_status":"closed","template":"","meta":{"footnotes":""},"_links":{"self":[{"href":"http:\/\/lansirajanjousiampujat.fi\/index.php?rest_route=\/wp\/v2\/pages\/140"}],"collection":[{"href":"http:\/\/lansirajanjousiampujat.fi\/index.php?rest_route=\/wp\/v2\/pages"}],"about":[{"href":"http:\/\/lansirajanjousiampujat.fi\/index.php?rest_route=\/wp\/v2\/types\/page"}],"author":[{"embeddable":true,"href":"http:\/\/lansirajanjousiampujat.fi\/index.php?rest_route=\/wp\/v2\/users\/1"}],"replies":[{"embeddable":true,"href":"http:\/\/lansirajanjousiampujat.fi\/index.php?rest_route=%2Fwp%2Fv2%2Fcomments&post=140"}],"version-history":[{"count":9,"href":"http:\/\/lansirajanjousiampujat.fi\/index.php?rest_route=\/wp\/v2\/pages\/140\/revisions"}],"predecessor-version":[{"id":219,"href":"http:\/\/lansirajanjousiampujat.fi\/index.php?rest_route=\/wp\/v2\/pages\/140\/revisions\/219"}],"wp:attachment":[{"href":"http:\/\/lansirajanjousiampujat.fi\/index.php?rest_route=%2Fwp%2Fv2%2Fmedia&parent=140"}],"curies":[{"name":"wp","href":"https:\/\/api.w.org\/{rel}","templated":true}]}}