{"id":16,"date":"2015-02-09T08:12:39","date_gmt":"2015-02-09T06:12:39","guid":{"rendered":"http:\/\/lansirajanjousiampujat.fi\/?page_id=16"},"modified":"2015-02-13T16:11:31","modified_gmt":"2015-02-13T14:11:31","slug":"kokeile-jousiammuntaa","status":"publish","type":"page","link":"http:\/\/lansirajanjousiampujat.fi\/?page_id=16","title":{"rendered":"Kokeile jousiammuntaa"},"content":{"rendered":"<p><strong>Yksityinen<\/strong> Jousiammunta sopii kaikille ik\u00e4\u00e4n ja sukupuoleen katsomatta. Harrastuksena jousiammunta on eritt\u00e4in hyv\u00e4 vastapaino arkiselle aherrukselle,\u00a0joten jousiammunnan\u00a0harrastaminen sopii mainiosti\u00a0koko perheelle.\u00a0K\u00e4sien ja sel\u00e4n\u00a0lihakset joutuvat koetukselle, joten jousella ampuminen on\u00a0hyv\u00e4\u00e4 liikuntaa mm. toimistoty\u00f6t\u00e4 tekeville. Jousiammunta ei kuitenkaan ole voimalaji, vaan tekniikkalaji ja seurallamme on sopivat v\u00e4lineet joilla voit aloittaa hienon ja jalon jousiammunnan harrastuksen. Jos olet kiinnostunut jousiammunnasta, niin tule\u00a0rohkeasti kokeilemaan lajia.\u00a0Alkuun voit vapaasti k\u00e4ytt\u00e4\u00e4 seuran v\u00e4lineit\u00e4 ja kokeneet ohjaajamme neuvovat sinut alkuun ja kertovat\u00a0mist\u00e4 hommassa oikein on kyse. Alkeisammunnat\u00a0ovat\u00a0sis\u00e4kaudella syys-huhtikuu Rohkihallilla ja touko-elokuussa ponnen urheilukent\u00e4ll\u00e4<\/p>\n<p>&nbsp;<\/p>\n<p><strong>Yritykset \/\u00a0 Koulut \/ Yhteis\u00f6t \/ Polttariporukat<\/strong> Yritykset, koulut ja muut yhteis\u00f6t voivat tilata seuralta jousiammunnan esittely\u00e4 ja mahdollisuuden kokeilla jousiammuntaa. Esittelyst\u00e4 voi kysy\u00e4 ja sopia seuran puheenjohtajan kanssa, <strong>Marko Suomalainen, 040 569 0405<\/strong><\/p>\n<p>Esittelyt pidet\u00e4\u00e4n vapaaehtoisvoimin joten toivomme ryhmilt\u00e4 j\u00e4rjestelyiden vuoksi riitt\u00e4v\u00e4sti aikaa (n. 1-2 vkoa) valmisteluihin.<\/p>\n","protected":false},"excerpt":{"rendered":"<p>Yksityinen Jousiammunta sopii kaikille ik\u00e4\u00e4n ja sukupuoleen katsomatta. Harrastuksena jousiammunta on eritt\u00e4in hyv\u00e4 vastapaino arkiselle aherrukselle,\u00a0joten jousiammunnan\u00a0harrastaminen sopii mainiosti\u00a0koko perheelle.\u00a0K\u00e4sien ja sel\u00e4n\u00a0lihakset joutuvat koetukselle, joten jousella ampuminen on\u00a0hyv\u00e4\u00e4 liikuntaa mm. toimistoty\u00f6t\u00e4 tekeville. Jousiammunta ei kuitenkaan ole voimalaji, vaan tekniikkalaji ja seurallamme on sopivat v\u00e4lineet joilla voit aloittaa hienon ja jalon jousiammunnan harrastuksen. Jos olet kiinnostunut [&hellip;]<\/p>\n","protected":false},"author":1,"featured_media":0,"parent":0,"menu_order":0,"comment_status":"closed","ping_status":"closed","template":"","meta":{"footnotes":""},"_links":{"self":[{"href":"http:\/\/lansirajanjousiampujat.fi\/index.php?rest_route=\/wp\/v2\/pages\/16"}],"collection":[{"href":"http:\/\/lansirajanjousiampujat.fi\/index.php?rest_route=\/wp\/v2\/pages"}],"about":[{"href":"http:\/\/lansirajanjousiampujat.fi\/index.php?rest_route=\/wp\/v2\/types\/page"}],"author":[{"embeddable":true,"href":"http:\/\/lansirajanjousiampujat.fi\/index.php?rest_route=\/wp\/v2\/users\/1"}],"replies":[{"embeddable":true,"href":"http:\/\/lansirajanjousiampujat.fi\/index.php?rest_route=%2Fwp%2Fv2%2Fcomments&post=16"}],"version-history":[{"count":9,"href":"http:\/\/lansirajanjousiampujat.fi\/index.php?rest_route=\/wp\/v2\/pages\/16\/revisions"}],"predecessor-version":[{"id":271,"href":"http:\/\/lansirajanjousiampujat.fi\/index.php?rest_route=\/wp\/v2\/pages\/16\/revisions\/271"}],"wp:attachment":[{"href":"http:\/\/lansirajanjousiampujat.fi\/index.php?rest_route=%2Fwp%2Fv2%2Fmedia&parent=16"}],"curies":[{"name":"wp","href":"https:\/\/api.w.org\/{rel}","templated":true}]}}