{"id":22,"date":"2015-02-09T08:14:10","date_gmt":"2015-02-09T06:14:10","guid":{"rendered":"http:\/\/lansirajanjousiampujat.fi\/?page_id=22"},"modified":"2026-04-20T17:24:01","modified_gmt":"2026-04-20T15:24:01","slug":"ota-yhteytta","status":"publish","type":"page","link":"http:\/\/lansirajanjousiampujat.fi\/?page_id=22","title":{"rendered":"Ota yhteytt\u00e4"},"content":{"rendered":"<p><strong>Seuran postiosoite:<\/strong><\/p>\n<p>L\u00e4nsirajan Jousiampujat Ry<br \/>\nMarko Suomalainen<br \/>\n<span style=\"line-height: 1.6;\">Martantie 6<br \/>\n<\/span><span style=\"line-height: 1.6;\">95700 Pello<\/span><\/p>\n<table style=\"width: 0%; height: 283px;\">\n<tbody>\n<tr>\n<td style=\"width: 102.126%;\" colspan=\"4\"><strong>Seuran vastuuhenkil\u00f6t ja hallitus<\/strong><\/td>\n<\/tr>\n<tr>\n<td style=\"width: 22.449%;\"><strong>Teht\u00e4v\u00e4<\/strong><\/td>\n<td style=\"width: 15.5977%;\"><strong>Nimi<\/strong><\/td>\n<td style=\"width: 15.1603%;\"><strong>Puhelinnumero<\/strong><\/td>\n<td style=\"width: 48.9186%;\"><strong>S\u00e4hk\u00f6posti<\/strong><\/td>\n<\/tr>\n<tr>\n<td style=\"width: 22.449%;\">Puheenjohtaja<\/td>\n<td style=\"width: 15.5977%;\">Marko Suomalainen<\/td>\n<td style=\"width: 15.1603%;\">040 569 0405<\/td>\n<td style=\"width: 48.9186%;\">marko.suomalainen(at)pp1.inet.fi<\/td>\n<\/tr>\n<tr>\n<td style=\"width: 22.449%;\">Sihteeri<\/td>\n<td style=\"width: 15.5977%;\">Anne Lassila<\/td>\n<td style=\"width: 15.1603%;\"><\/td>\n<td style=\"width: 48.9186%;\">annemargit.lassila(at)gmail.com<\/td>\n<\/tr>\n<tr>\n<td style=\"width: 22.449%;\">Hallituksen j\u00e4sen\u00a0 Rahastonhoitaja<\/td>\n<td style=\"width: 15.5977%;\">Reijo Tuomas<\/td>\n<td style=\"width: 15.1603%;\">040 578 8876<\/td>\n<td style=\"width: 48.9186%;\">reiskanpaja(at)inet.fi<\/td>\n<\/tr>\n<tr>\n<td style=\"width: 22.449%;\">Hallituksen j\u00e4sen<\/td>\n<td style=\"width: 15.5977%;\">Heikki Heikurainen<\/td>\n<td style=\"width: 15.1603%;\">045 899 5009<\/td>\n<td style=\"width: 48.9186%;\">heikurainen.heikki(at)hotmail.com<\/td>\n<\/tr>\n<tr>\n<td style=\"width: 22.449%;\">Hallituksen j\u00e4sen<\/td>\n<td style=\"width: 15.5977%;\">Tarja Pantsar<\/td>\n<td style=\"width: 15.1603%;\">040 581 7982<\/td>\n<td style=\"width: 48.9186%;\">tarjapantsar(at)gmail.com<\/td>\n<\/tr>\n<tr>\n<td style=\"width: 22.449%;\"><\/td>\n<td style=\"width: 15.5977%;\"><\/td>\n<td style=\"width: 15.1603%;\"><\/td>\n<td style=\"width: 48.9186%;\"><\/td>\n<\/tr>\n<\/tbody>\n<\/table>\n","protected":false},"excerpt":{"rendered":"<p>Seuran postiosoite: L\u00e4nsirajan Jousiampujat Ry Marko Suomalainen Martantie 6 95700 Pello Seuran vastuuhenkil\u00f6t ja hallitus Teht\u00e4v\u00e4 Nimi Puhelinnumero S\u00e4hk\u00f6posti Puheenjohtaja Marko Suomalainen 040 569 0405 marko.suomalainen(at)pp1.inet.fi Sihteeri Anne Lassila annemargit.lassila(at)gmail.com Hallituksen j\u00e4sen\u00a0 Rahastonhoitaja Reijo Tuomas 040 578 8876 reiskanpaja(at)inet.fi Hallituksen j\u00e4sen Heikki Heikurainen 045 899 5009 heikurainen.heikki(at)hotmail.com Hallituksen j\u00e4sen Tarja Pantsar 040 581 7982 tarjapantsar(at)gmail.com<\/p>\n","protected":false},"author":1,"featured_media":0,"parent":0,"menu_order":0,"comment_status":"closed","ping_status":"closed","template":"","meta":{"footnotes":""},"_links":{"self":[{"href":"http:\/\/lansirajanjousiampujat.fi\/index.php?rest_route=\/wp\/v2\/pages\/22"}],"collection":[{"href":"http:\/\/lansirajanjousiampujat.fi\/index.php?rest_route=\/wp\/v2\/pages"}],"about":[{"href":"http:\/\/lansirajanjousiampujat.fi\/index.php?rest_route=\/wp\/v2\/types\/page"}],"author":[{"embeddable":true,"href":"http:\/\/lansirajanjousiampujat.fi\/index.php?rest_route=\/wp\/v2\/users\/1"}],"replies":[{"embeddable":true,"href":"http:\/\/lansirajanjousiampujat.fi\/index.php?rest_route=%2Fwp%2Fv2%2Fcomments&post=22"}],"version-history":[{"count":20,"href":"http:\/\/lansirajanjousiampujat.fi\/index.php?rest_route=\/wp\/v2\/pages\/22\/revisions"}],"predecessor-version":[{"id":532,"href":"http:\/\/lansirajanjousiampujat.fi\/index.php?rest_route=\/wp\/v2\/pages\/22\/revisions\/532"}],"wp:attachment":[{"href":"http:\/\/lansirajanjousiampujat.fi\/index.php?rest_route=%2Fwp%2Fv2%2Fmedia&parent=22"}],"curies":[{"name":"wp","href":"https:\/\/api.w.org\/{rel}","templated":true}]}}