{"id":24,"date":"2015-02-09T08:14:24","date_gmt":"2015-02-09T06:14:24","guid":{"rendered":"http:\/\/lansirajanjousiampujat.fi\/?page_id=24"},"modified":"2021-03-03T11:05:24","modified_gmt":"2021-03-03T09:05:24","slug":"sponsorit","status":"publish","type":"page","link":"http:\/\/lansirajanjousiampujat.fi\/?page_id=24","title":{"rendered":"Sponsorit"},"content":{"rendered":"<p>Kalotti optiikka Kivel\u00e4<\/p>\n<p>Kone- ja auto Lakkap\u00e4\u00e4<\/p>\n<p>L\u00e4nsi-Lapin S\u00e4hk\u00f6 Oy<\/p>\n<p>Maanrakennus Kantmark<\/p>\n<p>Pekka Salminen<\/p>\n<p>Pellon Autotarvike<\/p>\n<p>Pellon RHY<\/p>\n<p>Pellon Kunta<\/p>\n<p>Pohjolan osuuspankki 2021<\/p>\n<p>Tmi Kovaluu<\/p>\n<p>Reiskan paja<\/p>\n<p>\u00a0<\/p>\n<p>\u00a0<\/p>\n\n\n<figure class=\"wp-block-image\"><img decoding=\"async\" loading=\"lazy\" width=\"878\" height=\"230\" src=\"http:\/\/lansirajanjousiampujat.fi\/wp-content\/uploads\/2021\/03\/osuuspankki.jpg\" alt=\"\" class=\"wp-image-526\" srcset=\"http:\/\/lansirajanjousiampujat.fi\/wp-content\/uploads\/2021\/03\/osuuspankki.jpg 878w, http:\/\/lansirajanjousiampujat.fi\/wp-content\/uploads\/2021\/03\/osuuspankki-300x79.jpg 300w, http:\/\/lansirajanjousiampujat.fi\/wp-content\/uploads\/2021\/03\/osuuspankki-768x201.jpg 768w\" sizes=\"(max-width: 878px) 100vw, 878px\" \/><\/figure>\n","protected":false},"excerpt":{"rendered":"<p>Kalotti optiikka Kivel\u00e4 Kone- ja auto Lakkap\u00e4\u00e4 L\u00e4nsi-Lapin S\u00e4hk\u00f6 Oy Maanrakennus Kantmark Pekka Salminen Pellon Autotarvike Pellon RHY Pellon Kunta Pohjolan osuuspankki 2021 Tmi Kovaluu Reiskan paja \u00a0 \u00a0<\/p>\n","protected":false},"author":1,"featured_media":0,"parent":0,"menu_order":0,"comment_status":"closed","ping_status":"closed","template":"","meta":{"footnotes":""},"_links":{"self":[{"href":"http:\/\/lansirajanjousiampujat.fi\/index.php?rest_route=\/wp\/v2\/pages\/24"}],"collection":[{"href":"http:\/\/lansirajanjousiampujat.fi\/index.php?rest_route=\/wp\/v2\/pages"}],"about":[{"href":"http:\/\/lansirajanjousiampujat.fi\/index.php?rest_route=\/wp\/v2\/types\/page"}],"author":[{"embeddable":true,"href":"http:\/\/lansirajanjousiampujat.fi\/index.php?rest_route=\/wp\/v2\/users\/1"}],"replies":[{"embeddable":true,"href":"http:\/\/lansirajanjousiampujat.fi\/index.php?rest_route=%2Fwp%2Fv2%2Fcomments&post=24"}],"version-history":[{"count":7,"href":"http:\/\/lansirajanjousiampujat.fi\/index.php?rest_route=\/wp\/v2\/pages\/24\/revisions"}],"predecessor-version":[{"id":528,"href":"http:\/\/lansirajanjousiampujat.fi\/index.php?rest_route=\/wp\/v2\/pages\/24\/revisions\/528"}],"wp:attachment":[{"href":"http:\/\/lansirajanjousiampujat.fi\/index.php?rest_route=%2Fwp%2Fv2%2Fmedia&parent=24"}],"curies":[{"name":"wp","href":"https:\/\/api.w.org\/{rel}","templated":true}]}}