{"id":9,"date":"2015-02-09T08:10:42","date_gmt":"2015-02-09T06:10:42","guid":{"rendered":"http:\/\/lansirajanjousiampujat.fi\/?page_id=9"},"modified":"2015-02-13T12:37:51","modified_gmt":"2015-02-13T10:37:51","slug":"tietoja-seurasta","status":"publish","type":"page","link":"http:\/\/lansirajanjousiampujat.fi\/?page_id=9","title":{"rendered":"Tietoja seurasta"},"content":{"rendered":"<p>L\u00e4nsirajan Jousiampujat ry on vuonna 2013 perustettu jousiammuntaseura. Seura on Suomen Jousiampujain Liiton (SJAL)\u00a0 j\u00e4sen. Seuran tarkoituksena on edist\u00e4\u00e4 jousiammunnan harrastusta ja kilpailutoimintaa\u00a0Pellossa.<\/p>\n<p>&nbsp;<\/p>\n","protected":false},"excerpt":{"rendered":"<p>L\u00e4nsirajan Jousiampujat ry on vuonna 2013 perustettu jousiammuntaseura. Seura on Suomen Jousiampujain Liiton (SJAL)\u00a0 j\u00e4sen. Seuran tarkoituksena on edist\u00e4\u00e4 jousiammunnan harrastusta ja kilpailutoimintaa\u00a0Pellossa. &nbsp;<\/p>\n","protected":false},"author":1,"featured_media":0,"parent":0,"menu_order":0,"comment_status":"closed","ping_status":"closed","template":"","meta":{"footnotes":""},"_links":{"self":[{"href":"http:\/\/lansirajanjousiampujat.fi\/index.php?rest_route=\/wp\/v2\/pages\/9"}],"collection":[{"href":"http:\/\/lansirajanjousiampujat.fi\/index.php?rest_route=\/wp\/v2\/pages"}],"about":[{"href":"http:\/\/lansirajanjousiampujat.fi\/index.php?rest_route=\/wp\/v2\/types\/page"}],"author":[{"embeddable":true,"href":"http:\/\/lansirajanjousiampujat.fi\/index.php?rest_route=\/wp\/v2\/users\/1"}],"replies":[{"embeddable":true,"href":"http:\/\/lansirajanjousiampujat.fi\/index.php?rest_route=%2Fwp%2Fv2%2Fcomments&post=9"}],"version-history":[{"count":7,"href":"http:\/\/lansirajanjousiampujat.fi\/index.php?rest_route=\/wp\/v2\/pages\/9\/revisions"}],"predecessor-version":[{"id":227,"href":"http:\/\/lansirajanjousiampujat.fi\/index.php?rest_route=\/wp\/v2\/pages\/9\/revisions\/227"}],"wp:attachment":[{"href":"http:\/\/lansirajanjousiampujat.fi\/index.php?rest_route=%2Fwp%2Fv2%2Fmedia&parent=9"}],"curies":[{"name":"wp","href":"https:\/\/api.w.org\/{rel}","templated":true}]}}